{"id":10068,"date":"2026-04-15T11:06:33","date_gmt":"2026-04-15T08:06:33","guid":{"rendered":"https:\/\/societate-diabet.ro\/congres2026\/?page_id=10068"},"modified":"2026-04-15T11:07:08","modified_gmt":"2026-04-15T08:07:08","slug":"cazare","status":"publish","type":"page","link":"https:\/\/societate-diabet.ro\/congres2026\/cazare\/","title":{"rendered":"Cazare"},"content":{"rendered":"<p>[et_pb_section fb_built=&#8221;1&#8243; admin_label=&#8221;section&#8221; _builder_version=&#8221;4.16&#8243; global_colors_info=&#8221;{}&#8221;][et_pb_row admin_label=&#8221;row&#8221; _builder_version=&#8221;4.16&#8243; background_size=&#8221;initial&#8221; background_position=&#8221;top_left&#8221; background_repeat=&#8221;repeat&#8221; global_colors_info=&#8221;{}&#8221;][et_pb_column type=&#8221;4_4&#8243; _builder_version=&#8221;4.16&#8243; custom_padding=&#8221;|||&#8221; global_colors_info=&#8221;{}&#8221; custom_padding__hover=&#8221;|||&#8221;][et_pb_text admin_label=&#8221;Text&#8221; _builder_version=&#8221;4.27.5&#8243; background_size=&#8221;initial&#8221; background_position=&#8221;top_left&#8221; background_repeat=&#8221;repeat&#8221; global_colors_info=&#8221;{}&#8221;]<\/p>\n<h3><span style=\"color: #2e3ca9;\"><strong>Termenul limit\u0103 pentru rezervarea camerelor:<span style=\"color: #ff0000;\"> 30 aprilie 2026<\/span><\/strong><\/span><\/h3>\n<p><span style=\"color: #151762;\"><strong><\/strong><\/span><\/p>\n<p><span style=\"color: #000000;\">Participan\u021bii care doresc pot solicita rezervarea camerelor de hotel prin intermediul firmei care asigur\u0103 managementul logistic al evenimentului,<\/span> <a href=\"https:\/\/sanatateapress.ro\">S\u0103n\u0103tatea Press Group<\/a>.<\/p>\n<p><span style=\"color: #000000;\">Rezervarea camerelor se va face p\u00e2n\u0103 la data de 30 aprilie 2026. Dup\u0103 aceast\u0103 dat\u0103, disponibilitatea locurilor de cazare nu mai este garantat\u0103.<\/span><\/p>\n<p><span style=\"color: #000000;\">Pentru informa\u021bii despre disponibilitatea camerelor \u0219i rezerv\u0103ri, v\u0103 rug\u0103m s\u0103 contacta\u0163i S\u0103n\u0103tatea Press Group la adresa de email:<\/span> <a href=\"mailto:cazari@sanatateapress.ro\">cazari@sanatateapress.ro<\/a><\/p>\n<p><span style=\"color: #000000;\">Ulterior ve\u021bi fi contacta\u021bi de un reprezentant al companiei pentru oferirea tuturor informa\u021biilor aferente stabilirii condi\u021biilor de cazare.<\/span><\/p>\n<p><span style=\"text-decoration: underline;\"><span style=\"color: #ff0000; text-decoration: underline;\"><strong>IMPORTANT!<\/strong><\/span><\/span><\/p>\n<ul>\n<li><span style=\"color: #000000;\"><strong>SRDNBM va suporta <span style=\"color: #ff0000;\">50% din costul caz\u0103rii pentru medicii reziden\u021bi \u00een diabet<\/span> (loc \u00een camer\u0103 dubl\u0103)<\/strong><\/span><\/li>\n<li><span style=\"color: #000000;\"><strong><span style=\"color: #ff0000;\">Prim-autorii lucr\u0103rilor acceptate<\/span> a fi prezentate (at\u00e2t poster, c\u00e2t \u0219i prezent\u0103ri orale) beneficiaz\u0103 de <span style=\"color: #ff0000;\">100% reducere la cazare \u0219i tax\u0103.<\/span><\/strong><\/span><\/li>\n<\/ul>\n<p>&nbsp;<\/p>\n<p>[\/et_pb_text][et_pb_divider color=&#8221;#80A1FF&#8221; divider_weight=&#8221;6px&#8221; _builder_version=&#8221;4.27.5&#8243; _module_preset=&#8221;default&#8221; global_colors_info=&#8221;{}&#8221;][\/et_pb_divider][\/et_pb_column][\/et_pb_row][\/et_pb_section]<\/p>\n","protected":false},"excerpt":{"rendered":"<p>Termenul limit\u0103 pentru rezervarea camerelor: 30 aprilie 2026 Participan\u021bii care doresc pot solicita rezervarea camerelor de hotel prin intermediul firmei care asigur\u0103 managementul logistic al evenimentului, S\u0103n\u0103tatea Press Group. Rezervarea camerelor se va face p\u00e2n\u0103 la data de 30 aprilie 2026. Dup\u0103 aceast\u0103 dat\u0103, disponibilitatea locurilor de cazare nu mai este garantat\u0103. Pentru informa\u021bii despre [&hellip;]<\/p>\n","protected":false},"author":5,"featured_media":0,"parent":0,"menu_order":0,"comment_status":"closed","ping_status":"closed","template":"","meta":{"_et_pb_use_builder":"on","_et_pb_old_content":"","_et_gb_content_width":"","footnotes":""},"class_list":["post-10068","page","type-page","status-publish","hentry"],"jetpack_sharing_enabled":true,"_links":{"self":[{"href":"https:\/\/societate-diabet.ro\/congres2026\/wp-json\/wp\/v2\/pages\/10068","targetHints":{"allow":["GET"]}}],"collection":[{"href":"https:\/\/societate-diabet.ro\/congres2026\/wp-json\/wp\/v2\/pages"}],"about":[{"href":"https:\/\/societate-diabet.ro\/congres2026\/wp-json\/wp\/v2\/types\/page"}],"author":[{"embeddable":true,"href":"https:\/\/societate-diabet.ro\/congres2026\/wp-json\/wp\/v2\/users\/5"}],"replies":[{"embeddable":true,"href":"https:\/\/societate-diabet.ro\/congres2026\/wp-json\/wp\/v2\/comments?post=10068"}],"version-history":[{"count":5,"href":"https:\/\/societate-diabet.ro\/congres2026\/wp-json\/wp\/v2\/pages\/10068\/revisions"}],"predecessor-version":[{"id":10078,"href":"https:\/\/societate-diabet.ro\/congres2026\/wp-json\/wp\/v2\/pages\/10068\/revisions\/10078"}],"wp:attachment":[{"href":"https:\/\/societate-diabet.ro\/congres2026\/wp-json\/wp\/v2\/media?parent=10068"}],"curies":[{"name":"wp","href":"https:\/\/api.w.org\/{rel}","templated":true}]}}