{"id":10130,"date":"2026-04-20T12:41:04","date_gmt":"2026-04-20T09:41:04","guid":{"rendered":"https:\/\/societate-diabet.ro\/congres2026\/?page_id=10130"},"modified":"2026-04-20T12:45:00","modified_gmt":"2026-04-20T09:45:00","slug":"convocator-la-adunarea-generala-ordinara-a-societatii-romane-de-diabet-nutritie-si-boli-metabolice","status":"publish","type":"page","link":"https:\/\/societate-diabet.ro\/congres2026\/convocator-la-adunarea-generala-ordinara-a-societatii-romane-de-diabet-nutritie-si-boli-metabolice\/","title":{"rendered":"CONVOCATOR la ADUNAREA GENERAL\u0102 ORDINAR\u0102 A SOCIET\u0102\u021aII ROM\u00c2NE DE DIABET, NUTRI\u021aIE \u0218I BOLI METABOLICE"},"content":{"rendered":"<p>[et_pb_section fb_built=&#8221;1&#8243; _builder_version=&#8221;4.27.5&#8243; _module_preset=&#8221;default&#8221; global_colors_info=&#8221;{}&#8221;][et_pb_row _builder_version=&#8221;4.27.5&#8243; _module_preset=&#8221;default&#8221; global_colors_info=&#8221;{}&#8221;][et_pb_column type=&#8221;4_4&#8243; _builder_version=&#8221;4.27.5&#8243; _module_preset=&#8221;default&#8221; global_colors_info=&#8221;{}&#8221;][et_pb_text _builder_version=&#8221;4.27.5&#8243; _module_preset=&#8221;default&#8221; hover_enabled=&#8221;0&#8243; global_colors_info=&#8221;{}&#8221; sticky_enabled=&#8221;0&#8243;]<\/p>\n<h3 style=\"text-align: center;\"><strong>CONVOCATOR<\/strong><\/h3>\n<h3 style=\"text-align: center;\"><strong>la ADUNAREA GENERAL\u0102 ORDINAR\u0102<\/strong><\/h3>\n<h3 style=\"text-align: center;\"><strong>A SOCIET\u0102\u021aII ROM\u00c2NE DE DIABET, NUTRI\u021aIE \u0218I BOLI METABOLICE<\/strong><\/h3>\n<p>[\/et_pb_text][\/et_pb_column][\/et_pb_row][et_pb_row _builder_version=&#8221;4.27.5&#8243; _module_preset=&#8221;default&#8221;][et_pb_column _builder_version=&#8221;4.27.5&#8243; _module_preset=&#8221;default&#8221; type=&#8221;4_4&#8243;][et_pb_button button_text=&#8221;CONVOCATOR&#8221; _builder_version=&#8221;4.27.5&#8243; _module_preset=&#8221;default&#8221; button_url=&#8221;https:\/\/societate-diabet.ro\/congres2026\/wp-content\/uploads\/2026\/04\/Convocator_AG_2026.pdf&#8221; hover_enabled=&#8221;0&#8243; sticky_enabled=&#8221;0&#8243; button_alignment=&#8221;center&#8221;][\/et_pb_button][\/et_pb_column][\/et_pb_row][et_pb_row _builder_version=&#8221;4.27.5&#8243; _module_preset=&#8221;default&#8221;][et_pb_column _builder_version=&#8221;4.27.5&#8243; _module_preset=&#8221;default&#8221; type=&#8221;4_4&#8243;][et_pb_text _builder_version=&#8221;4.27.5&#8243; _module_preset=&#8221;default&#8221; hover_enabled=&#8221;0&#8243; sticky_enabled=&#8221;0&#8243; text_font_size=&#8221;1em&#8221;]<\/p>\n<p class=\"tm8\">Nr.<span class=\"tm9\"> <\/span><span class=\"tm9\">13\/17.04.2026<\/span><\/p>\n<p class=\"tm13\"><strong><span class=\"tm14\">SOCIETATEA<\/span><span class=\"tm15\"> <\/span><span class=\"tm14\">ROM\u00c2N\u0102<\/span><span class=\"tm15\"> <\/span><span class=\"tm14\">DE<\/span><span class=\"tm15\"> <\/span><span class=\"tm14\">DIABET,<\/span><span class=\"tm15\"> <\/span><span class=\"tm14\">NUTRI\u021aIE<\/span><span class=\"tm15\"> <\/span><span class=\"tm14\">\u0218I<\/span><span class=\"tm15\"> <\/span><span class=\"tm14\">BOLI<\/span><span class=\"tm15\"> <\/span><span class=\"tm15\">METABOLICE<\/span><\/strong><\/p>\n<p class=\"tm17\">Sediul:<span class=\"tm9\"> <\/span>Institutul<span class=\"tm9\"> <\/span>de<span class=\"tm9\"> <\/span>Diabet,<span class=\"tm9\"> <\/span>Nutri\u021bie<span class=\"tm9\"> <\/span>\u0219i<span class=\"tm9\"> <\/span>Boli<span class=\"tm9\"> <\/span>Metabolice<span class=\"tm9\"> <\/span>\u201eProf.<span class=\"tm9\"> <\/span>Dr.<span class=\"tm9\"> <\/span>N.<span class=\"tm9\"> <\/span>C.<span class=\"tm9\"> <\/span>Paulescu\u201d Str. Ion Movil\u0103, nr. 5 \u2013 7, cam. 2, sect. 2, Bucure\u0219ti, CP<span class=\"tm9\"> <\/span>020475<\/p>\n<p class=\"tm18\">CIF<span class=\"tm9\"> RO15488857<\/span><\/p>\n<p class=\"tm20\"><strong><span class=\"tm14\"><\/span><span class=\"tm15\">CONVOCATOR<\/span><\/strong><\/p>\n<p class=\"tm22\"><strong><span class=\"tm14\">la<\/span><span class=\"tm15\"> <\/span><span class=\"tm14\">ADUNAREA<\/span><span class=\"tm15\"> <\/span><span class=\"tm14\">GENERAL\u0102<\/span><span class=\"tm15\"> ORDINAR\u0102<\/span><\/strong><\/p>\n<p class=\"tm24\"><strong><span class=\"tm14\">A<\/span><span class=\"tm15\"> <\/span><span class=\"tm14\">SOCIET\u0102\u021aII<\/span><span class=\"tm15\"> <\/span><span class=\"tm14\">ROM\u00c2NE<\/span><span class=\"tm15\"> <\/span><span class=\"tm14\">DE<\/span><span class=\"tm15\"> <\/span><span class=\"tm14\">DIABET,<\/span><span class=\"tm15\"> <\/span><span class=\"tm14\">NUTRI\u021aIE<\/span><span class=\"tm15\"> <\/span><span class=\"tm14\">\u0218I<\/span><span class=\"tm15\"> <\/span><span class=\"tm14\">BOLI<\/span><span class=\"tm15\"> <\/span><span class=\"tm15\">METABOLICE<\/span><\/strong><\/p>\n<p class=\"BodyText\"><strong><span class=\"tm25\">\u00a0<\/span><\/strong><\/p>\n<p class=\"tm18\"><strong><span class=\"tm25\">\u00a0<\/span><\/strong><\/p>\n<p class=\"tm27\">Consiliul Director al Societ\u0103\u021bii Rom\u00e2ne de Diabet, Nutri\u021bie \u0219i Boli Metabolice (SRDNBM), \u00een temeiul prevederilor art. 24 din Ordonan\u021ba Guvernului nr. 26\/2000 privitoare la asocia\u021bii \u0219i funda\u021bii, coroborate cu cele ale art. 40 din Statutul SRDNBM,<\/p>\n<p class=\"tm20\"><strong><span class=\"tm14\"><\/span><span class=\"tm15\">CONVOAC\u0102<\/span><\/strong><\/p>\n<p class=\"BodyText\"><strong><span class=\"tm25\">\u00a0<\/span><\/strong><\/p>\n<p class=\"tm29\">Adunarea<span class=\"tm9\"> <\/span>general\u0103<span class=\"tm9\"> <\/span>ordinar\u0103<span class=\"tm9\"> <\/span>a<span class=\"tm9\"> <\/span>Societ\u0103\u021bii<span class=\"tm9\"> <\/span>Rom\u00e2ne<span class=\"tm9\"> <\/span>de<span class=\"tm9\"> <\/span>Diabet,<span class=\"tm9\"> <\/span>Nutri\u021bie<span class=\"tm9\"> <\/span>\u0219i<span class=\"tm9\"> <\/span>Boli<span class=\"tm9\"> <\/span>Metabolice,<span class=\"tm9\"> <\/span>pentru<span class=\"tm9\"> <\/span>data<span class=\"tm9\"> <\/span>de 22<span class=\"tm9\"> <\/span>mai<span class=\"tm9\"> <\/span>2026,<span class=\"tm9\"> <\/span>ora<span class=\"tm9\"> <\/span>18:30,<span class=\"tm9\"> <\/span>care<span class=\"tm9\"> <\/span>se<span class=\"tm9\"> <\/span>va<span class=\"tm9\"> <\/span>desf\u0103\u0219ura<span class=\"tm9\"> <\/span>la<span class=\"tm9\"> <\/span>sediul:<span class=\"tm9\"> <\/span>Sala<span class=\"tm9\"> <\/span>Experience,<span class=\"tm9\"> <\/span>Timisoara<span class=\"tm9\"> <\/span>Convention<span class=\"tm9\"> <\/span>Center, Str. M\u0103r\u0103\u0219e\u0219ti 1-3, Timi\u0219oara, 300086, Rom\u00e2nia.<\/p>\n<p class=\"tm29\">\u00cen eventualitatea \u00een care nu se va \u00eentruni cvorumul de jum\u0103tate plus unu dintre membrii activi ai SRDNBM,<span class=\"tm9\"> <\/span>Adunarea General\u0103 se va reconvoca pentru data de 22 mai 2026, ora 18:40, \u0219i va avea loc la sediul Sala Experience, Timisoara Convention Center, Str. M\u0103r\u0103\u0219e\u0219ti 1-3, Timi\u0219oara, 300086, <span class=\"tm9\">Rom\u00e2nia.<\/span><\/p>\n<p class=\"tm33\">Adunarea general\u0103 ordinar\u0103 a Societ\u0103\u021bii Rom\u00e2ne de Diabet, Nutri\u021bie \u0219i Boli Metabolice va avea urm\u0103toarea ordine de zi:<\/p>\n<p class=\"tm35\"><span class=\"tm36\"><\/span><span class=\"tm36\">1. <\/span><span class=\"tm36\">Prezentarea<\/span><span class=\"tm37\"> <\/span><span class=\"tm36\">\u0219i<\/span><span class=\"tm37\"> <\/span><span class=\"tm36\">aprobarea<\/span><span class=\"tm37\"> <\/span><span class=\"tm36\">raportului<\/span><span class=\"tm37\"> <\/span><span class=\"tm36\">de<\/span><span class=\"tm37\"> <\/span><span class=\"tm36\">activitate<\/span><span class=\"tm37\"> <\/span><span class=\"tm36\">al<\/span><span class=\"tm37\"> <\/span><span class=\"tm36\">Pre\u0219edintelui<\/span><span class=\"tm37\"> <\/span><span class=\"tm36\">\u0219i<\/span><span class=\"tm37\"> <\/span><span class=\"tm36\">al<\/span><span class=\"tm37\"> <\/span><span class=\"tm36\">Consiliului<\/span><span class=\"tm37\"> <\/span><span class=\"tm36\">Director al SRDNBM pe anul 2025;<\/span><\/p>\n<p class=\"tm39\"><span class=\"tm36\"><\/span><span class=\"tm36\">2. <\/span><span class=\"tm36\">Aprobarea<\/span><span class=\"tm37\"> <\/span><span class=\"tm36\">desc\u0103rc\u0103rii<\/span><span class=\"tm37\"> <\/span><span class=\"tm36\">de<\/span><span class=\"tm37\"> <\/span><span class=\"tm36\">gestiune<\/span><span class=\"tm37\"> <\/span><span class=\"tm36\">\u0219i<\/span><span class=\"tm37\"> <\/span><span class=\"tm36\">de<\/span><span class=\"tm37\"> <\/span><span class=\"tm36\">activitate<\/span><span class=\"tm37\"> <\/span><span class=\"tm36\">a<\/span><span class=\"tm37\"> <\/span><span class=\"tm36\">Pre\u0219edintelui<\/span><span class=\"tm37\"> <\/span><span class=\"tm36\">\u0219i<\/span><span class=\"tm37\"> <\/span><span class=\"tm36\">al<\/span><span class=\"tm37\"> <\/span><span class=\"tm36\">Consiliului<\/span><span class=\"tm37\"> <\/span><span class=\"tm36\">Director<\/span><span class=\"tm37\"> <\/span><span class=\"tm36\">al SRDNBM pe anul 2025;<\/span><\/p>\n<p class=\"tm41\"><span class=\"tm36\"><\/span><span class=\"tm36\">3. <\/span><span class=\"tm36\">Prezentarea \u0219i aprobarea bilan\u021bului SRDNBM \u2013 raportul financiar contabil aferent anului<\/span><span class=\"tm42\"> <\/span><span class=\"tm37\">2025;<\/span><\/p>\n<p class=\"tm44\"><span class=\"tm36\"><\/span><span class=\"tm36\">4. <\/span><span class=\"tm36\">Alegerea<\/span><span class=\"tm37\"> <\/span><span class=\"tm36\">Pre\u0219edintelui<\/span><span class=\"tm37\"> <\/span><span class=\"tm36\">SRDNBM<\/span><span class=\"tm37\"> <\/span><span class=\"tm36\">pentru<\/span><span class=\"tm37\"> <\/span><span class=\"tm36\">mandatul<\/span><span class=\"tm37\"> <\/span><span class=\"tm36\">iunie<\/span><span class=\"tm37\"> <\/span><span class=\"tm36\">2027<\/span><span class=\"tm37\"> <\/span><span class=\"tm36\">\u2013<\/span><span class=\"tm37\"> <\/span><span class=\"tm36\">mai<\/span><span class=\"tm37\"> <\/span><span class=\"tm37\">2030;<\/span><\/p>\n<p class=\"tm46\"><span class=\"tm36\"><\/span><span class=\"tm36\">5. <\/span><span class=\"tm36\">Alegerea<\/span><span class=\"tm37\"> <\/span><span class=\"tm36\">Secretarului<\/span><span class=\"tm37\"> <\/span><span class=\"tm36\">SRDNBM<\/span><span class=\"tm37\"> <\/span><span class=\"tm36\">pentru<\/span><span class=\"tm37\"> <\/span><span class=\"tm36\">mandatul<\/span><span class=\"tm37\"> <\/span><span class=\"tm36\">iunie<\/span><span class=\"tm37\"> <\/span><span class=\"tm36\">2027<\/span><span class=\"tm37\"> <\/span><span class=\"tm36\">\u2013<\/span><span class=\"tm37\"> <\/span><span class=\"tm36\">mai<\/span><span class=\"tm37\"> <\/span><span class=\"tm37\">2030;<\/span><\/p>\n<p class=\"tm48\"><span class=\"tm36\"><\/span><span class=\"tm36\">6. <\/span><span class=\"tm36\">Men\u021binerea<\/span><span class=\"tm37\"> <\/span><span class=\"tm36\">aprob\u0103rii<\/span><span class=\"tm37\"> <\/span><span class=\"tm36\">major\u0103rii<\/span><span class=\"tm37\"> <\/span><span class=\"tm36\">sponsoriz\u0103rii<\/span><span class=\"tm37\"> <\/span><span class=\"tm36\">anuale<\/span><span class=\"tm37\"> <\/span><span class=\"tm36\">aferente<\/span><span class=\"tm37\"> <\/span><span class=\"tm36\">anului<\/span><span class=\"tm37\"> <\/span><span class=\"tm36\">2026<\/span><span class=\"tm37\"> <\/span><span class=\"tm36\">cu<\/span><span class=\"tm37\"> <\/span><span class=\"tm36\">suma<\/span><span class=\"tm37\"> <\/span><span class=\"tm36\">de<\/span><span class=\"tm37\"> <\/span><span class=\"tm36\">10.000 EUR, de la suma de 30.000 EUR la suma de 40.000 EUR pentru Funda\u021bia Cristian \u0218erban;<\/span><\/p>\n<p class=\"tm50\"><span class=\"tm36\"><\/span><span class=\"tm36\">7. <\/span><span class=\"tm36\">Prezentarea \u0219i aprobarea proiectului bugetului de venituri \u0219i cheltuieli al SRDNBM pentru anul 2026;<\/span><\/p>\n<p class=\"tm50\"><span class=\"tm36\"><\/span><span class=\"tm36\">8. <\/span><span class=\"tm36\">Confirmarea<\/span><span class=\"tm37\"> <\/span><span class=\"tm36\">calit\u0103\u021bii<\/span><span class=\"tm37\"> <\/span><span class=\"tm36\">de<\/span><span class=\"tm37\"> <\/span><span class=\"tm36\">membru<\/span><span class=\"tm37\"> <\/span><span class=\"tm36\">titular<\/span><span class=\"tm37\"> <\/span><span class=\"tm36\">activ<\/span><span class=\"tm37\"> <\/span><span class=\"tm36\">a<\/span><span class=\"tm37\"> <\/span><span class=\"tm36\">acelor<\/span><span class=\"tm37\"> <\/span><span class=\"tm36\">persoane<\/span><span class=\"tm37\"> <\/span><span class=\"tm36\">care<\/span><span class=\"tm37\"> <\/span><span class=\"tm36\">au<\/span><span class=\"tm37\"> <\/span><span class=\"tm36\">depus<\/span><span class=\"tm37\"> <\/span><span class=\"tm36\">cerere<\/span><span class=\"tm37\"> <\/span><span class=\"tm36\">de \u00eenscriere \u00een SRDNBM dup\u0103 data ultimei Adun\u0103ri Generale;<\/span><\/p>\n<p class=\"tm52\"><span class=\"tm36\"><\/span><span class=\"tm36\">9. <\/span><span class=\"tm36\">Diverse (\u00een temeiul art. 28 din Statutul SRDNBM, orice membru al SRDNBM are dreptul<\/span><span class=\"tm37\"> <\/span><span class=\"tm36\">de<\/span><span class=\"tm37\"> <\/span><span class=\"tm36\">a<\/span><span class=\"tm37\"> <\/span><span class=\"tm36\">se<\/span><span class=\"tm37\"> <\/span><span class=\"tm36\">adresa<\/span><span class=\"tm37\"> <\/span><span class=\"tm36\">verbal<\/span><span class=\"tm37\"> <\/span><span class=\"tm36\">sau<\/span><span class=\"tm37\"> <\/span><span class=\"tm36\">\u00een<\/span><span class=\"tm37\"> <\/span><span class=\"tm36\">scris<\/span><span class=\"tm37\"> <\/span><span class=\"tm36\">Adun\u0103rii<\/span><span class=\"tm37\"> <\/span><span class=\"tm36\">Generale<\/span><span class=\"tm37\"> <\/span><span class=\"tm36\">privind<\/span><span class=\"tm37\"> <\/span><span class=\"tm36\">orice<\/span><span class=\"tm37\"> <\/span><span class=\"tm36\">problem\u0103<\/span><span class=\"tm37\"> <\/span><span class=\"tm36\">care<\/span><span class=\"tm37\"> <\/span><span class=\"tm36\">prive\u0219te <\/span><span class=\"tm37\">activitatea<\/span><span class=\"tm37\"> <\/span><span class=\"tm37\">SRDNBM;<\/span><span class=\"tm37\"> <\/span><span class=\"tm37\">dac\u0103<\/span><span class=\"tm37\"> <\/span><span class=\"tm37\">problema<\/span><span class=\"tm37\"> <\/span><span class=\"tm37\">sesizat\u0103<\/span><span class=\"tm37\"> <\/span><span class=\"tm37\">necesit\u0103<\/span><span class=\"tm37\"> <\/span><span class=\"tm37\">dezbaterea<\/span><span class=\"tm37\"> <\/span><span class=\"tm37\">\u0219i<\/span><span class=\"tm37\"> <\/span><span class=\"tm37\">aprobarea<\/span><span class=\"tm37\"> <\/span><span class=\"tm37\">\u00een<\/span><span class=\"tm37\"> <\/span><span class=\"tm37\">cadrul<\/span><span class=\"tm37\"> <\/span><span class=\"tm37\">Adun\u0103rii <\/span><span class=\"tm36\">Generale Ordinare, \u00een vederea complet\u0103rii ordinii de zi a<\/span><span class=\"tm37\"> <\/span><span class=\"tm36\">Adun\u0103rii Generale Ordinare, membrii interesa\u021bi<\/span><span class=\"tm37\"> <\/span><span class=\"tm36\">sunt<\/span><span class=\"tm37\"> <\/span><span class=\"tm36\">invita\u021bi<\/span><span class=\"tm37\"> <\/span><span class=\"tm36\">s\u0103<\/span><span class=\"tm37\"> <\/span><span class=\"tm36\">transmit\u0103<\/span><span class=\"tm37\"> <\/span><span class=\"tm36\">\u00een<\/span><span class=\"tm37\"> <\/span><span class=\"tm36\">scris<\/span><span class=\"tm37\"> <\/span><span class=\"tm36\">propunerile<\/span><span class=\"tm37\"> <\/span><span class=\"tm36\">\u00een<\/span><span class=\"tm37\"> <\/span><span class=\"tm36\">acest<\/span><span class=\"tm37\"> <\/span><span class=\"tm36\">sens,<\/span><span class=\"tm37\"> <\/span><span class=\"tm36\">p\u00e2n\u0103<\/span><span class=\"tm37\"> <\/span><span class=\"tm36\">cel<\/span><span class=\"tm37\"> <\/span><span class=\"tm36\">t\u00e2rziu<\/span><span class=\"tm37\"> <\/span><span class=\"tm36\">cu<\/span><span class=\"tm37\"> <\/span><span class=\"tm36\">cinci<\/span><span class=\"tm37\"> <\/span><span class=\"tm36\">zile \u00eenaintea datei pentru care a fost convocat\u0103 Adunarea General\u0103 Ordinar\u0103, prin coresponden\u021b\u0103 electronic\u0103, la adresa <\/span><u><a href=\"mailto:office@societate-diabet.ro\"><span class=\"tm36\">office@societate-diabet.ro<\/span><\/a><\/u><span class=\"tm53\"> <\/span><span class=\"tm36\">;<\/span><\/p>\n<p class=\"tm55\"><span class=\"tm36\"><\/span><span class=\"tm36\">10. <\/span><span class=\"tm36\">Aprobarea \u00eemputernicirii Pre\u0219edintelui SRDNBM s\u0103 semneze Procesul Verbal al Adun\u0103rii Generale Ordinare, Hot\u0103r\u00e2rea Adun\u0103rii Generale Ordinare, precum \u0219i orice alt document necesar \u00een vederea \u00eenregistr\u0103rii modific\u0103rilor intervenite \u00een Registrul Asocia\u021biilor \u0219i Funda\u021biilor. \u00cen scopul \u00eenregistr\u0103rii modific\u0103rilor aprobate \u00een Adunarea General\u0103 Ordinar\u0103 \u00een Registrul<\/span><span class=\"tm37\"> <\/span><span class=\"tm36\">Asocia\u021biilor \u0219i Funda\u021biilor, Pre\u0219edintele<\/span><span class=\"tm37\"> <\/span><span class=\"tm36\">Adun\u0103rii Generale va putea \u00eemputernici orice persoan\u0103 fizic\u0103 sau juridic\u0103 \u2013 avocat sau societate civil\u0103 de avoca\u021bi \u2013 pentru a reprezenta SRDNBM<\/span><span class=\"tm37\"> <\/span><span class=\"tm36\">\u00een<\/span><span class=\"tm37\"> <\/span><span class=\"tm36\">fa\u021ba<\/span><span class=\"tm37\"> <\/span><span class=\"tm36\">instan\u021belor<\/span><span class=\"tm37\"> <\/span><span class=\"tm36\">de<\/span><span class=\"tm37\"> <\/span><span class=\"tm36\">judecat\u0103,<\/span><span class=\"tm37\"> <\/span><span class=\"tm36\">a<\/span><span class=\"tm37\"> <\/span><span class=\"tm36\">altor<\/span><span class=\"tm37\"> <\/span><span class=\"tm36\">autorit\u0103\u021bi<\/span><span class=\"tm37\"> <\/span><span class=\"tm36\">sau<\/span><span class=\"tm37\"> <\/span><span class=\"tm36\">institu\u021bii<\/span><span class=\"tm37\"> <\/span><span class=\"tm36\">publice,<\/span><span class=\"tm37\"> <\/span><span class=\"tm36\">dup\u0103<\/span><span class=\"tm37\"> <\/span><span class=\"tm37\">necesitate.<\/span><\/p>\n<p class=\"tm57\"><span class=\"tm9\">Pentru<\/span><\/p>\n<p class=\"tm59\">Consiliul<span class=\"tm9\"> <\/span>Director<span class=\"tm9\"> <\/span>al<span class=\"tm9\"> <\/span>SRDNBM, Pre\u0219edinte SRDNBM,<\/p>\n<p class=\"tm61\">Prof.<span class=\"tm9\"> <\/span>Dr.<span class=\"tm9\"> <\/span>Bogdan<span class=\"tm9\"> <\/span><span class=\"tm9\">Timar<\/span><\/p>\n<p>[\/et_pb_text][\/et_pb_column][\/et_pb_row][\/et_pb_section]<\/p>\n","protected":false},"excerpt":{"rendered":"<p>CONVOCATOR la ADUNAREA GENERAL\u0102 ORDINAR\u0102 A SOCIET\u0102\u021aII ROM\u00c2NE DE DIABET, NUTRI\u021aIE \u0218I BOLI METABOLICENr. 13\/17.04.2026 SOCIETATEA ROM\u00c2N\u0102 DE DIABET, NUTRI\u021aIE \u0218I BOLI METABOLICE Sediul: Institutul de Diabet, Nutri\u021bie \u0219i Boli Metabolice \u201eProf. Dr. N. C. Paulescu\u201d Str. Ion Movil\u0103, nr. 5 \u2013 7, cam. 2, sect. 2, Bucure\u0219ti, CP 020475 CIF RO15488857 CONVOCATOR la ADUNAREA [&hellip;]<\/p>\n","protected":false},"author":1,"featured_media":0,"parent":0,"menu_order":0,"comment_status":"closed","ping_status":"closed","template":"","meta":{"_et_pb_use_builder":"on","_et_pb_old_content":"","_et_gb_content_width":"","footnotes":""},"class_list":["post-10130","page","type-page","status-publish","hentry"],"jetpack_sharing_enabled":true,"_links":{"self":[{"href":"https:\/\/societate-diabet.ro\/congres2026\/wp-json\/wp\/v2\/pages\/10130","targetHints":{"allow":["GET"]}}],"collection":[{"href":"https:\/\/societate-diabet.ro\/congres2026\/wp-json\/wp\/v2\/pages"}],"about":[{"href":"https:\/\/societate-diabet.ro\/congres2026\/wp-json\/wp\/v2\/types\/page"}],"author":[{"embeddable":true,"href":"https:\/\/societate-diabet.ro\/congres2026\/wp-json\/wp\/v2\/users\/1"}],"replies":[{"embeddable":true,"href":"https:\/\/societate-diabet.ro\/congres2026\/wp-json\/wp\/v2\/comments?post=10130"}],"version-history":[{"count":3,"href":"https:\/\/societate-diabet.ro\/congres2026\/wp-json\/wp\/v2\/pages\/10130\/revisions"}],"predecessor-version":[{"id":10134,"href":"https:\/\/societate-diabet.ro\/congres2026\/wp-json\/wp\/v2\/pages\/10130\/revisions\/10134"}],"wp:attachment":[{"href":"https:\/\/societate-diabet.ro\/congres2026\/wp-json\/wp\/v2\/media?parent=10130"}],"curies":[{"name":"wp","href":"https:\/\/api.w.org\/{rel}","templated":true}]}}