{"id":3603,"date":"2018-12-19T19:41:52","date_gmt":"2018-12-19T19:41:52","guid":{"rendered":"http:\/\/congres2019.societate-diabet.ro\/?page_id=3603"},"modified":"2026-01-23T17:32:07","modified_gmt":"2026-01-23T15:32:07","slug":"informatii-generale","status":"publish","type":"page","link":"https:\/\/societate-diabet.ro\/congres2026\/informatii-generale\/","title":{"rendered":"Informa\u021bii generale"},"content":{"rendered":"<p>[et_pb_section fb_built=&#8221;1&#8243; admin_label=&#8221;section&#8221; _builder_version=&#8221;4.16&#8243; global_colors_info=&#8221;{}&#8221;][et_pb_row admin_label=&#8221;row&#8221; _builder_version=&#8221;4.16&#8243; background_size=&#8221;initial&#8221; background_position=&#8221;top_left&#8221; background_repeat=&#8221;repeat&#8221; global_colors_info=&#8221;{}&#8221;][et_pb_column type=&#8221;4_4&#8243; _builder_version=&#8221;4.16&#8243; custom_padding=&#8221;|||&#8221; global_colors_info=&#8221;{}&#8221; custom_padding__hover=&#8221;|||&#8221;][et_pb_text admin_label=&#8221;Text&#8221; _builder_version=&#8221;4.27.5&#8243; header_2_font_size=&#8221;24px&#8221; header_2_line_height=&#8221;1.3em&#8221; header_4_font_size=&#8221;16px&#8221; header_4_line_height=&#8221;1.2em&#8221; background_size=&#8221;initial&#8221; background_position=&#8221;top_left&#8221; background_repeat=&#8221;repeat&#8221; global_colors_info=&#8221;{}&#8221;]<\/p>\n<h2><span style=\"color: #000000;\"><span style=\"color: #2e3ca9;\"><strong>Al 52-lea Congres Na\u021bional al Societ\u0103\u021bii Rom\u00e2ne de Diabet, Nutri\u021bie \u0219i Boli Metabolice<\/strong><\/span><\/span><\/h2>\n<h4><span style=\"color: #000000;\"><span style=\"color: #151762;\"><strong><span style=\"color: #da77fb;\">\u00bb<\/span> Data: <\/strong><\/span>20-23 mai 2026<\/span><\/h4>\n<h4><span style=\"color: #000000;\"><span style=\"color: #151762;\"><strong><span style=\"color: #da77fb;\">\u00bb<\/span> Loc de desf\u0103\u0219urare: <\/strong><\/span>Timi\u0219oara Convention Center, Str. M\u0103r\u0103\u0219e\u0219ti nr. 1-3<\/span><\/h4>\n<h4><span style=\"color: #000000;\"><span style=\"color: #151762;\"><strong><span style=\"color: #da77fb;\">\u00bb<\/span> Limbi oficiale congres: <\/strong><\/span>Rom\u00e2n\u0103 &amp; Englez\u0103<\/span><\/h4>\n<p>[\/et_pb_text][et_pb_divider color=&#8221;#80A1FF&#8221; divider_weight=&#8221;6px&#8221; _builder_version=&#8221;4.27.5&#8243; _module_preset=&#8221;default&#8221; custom_margin=&#8221;||7px|||&#8221; hover_enabled=&#8221;0&#8243; global_colors_info=&#8221;{}&#8221; sticky_enabled=&#8221;0&#8243;][\/et_pb_divider][et_pb_text admin_label=&#8221;Text&#8221; _builder_version=&#8221;4.27.5&#8243; header_4_font_size=&#8221;16px&#8221; header_4_line_height=&#8221;1.2em&#8221; background_size=&#8221;initial&#8221; background_position=&#8221;top_left&#8221; background_repeat=&#8221;repeat&#8221; global_colors_info=&#8221;{}&#8221;]<\/p>\n<p><span style=\"color: #151762;\"><strong>Programul \u0219tiin\u021bific al manifest\u0103rii, desf\u0103\u0219urat pe parcursul a patru zile, va \u00eembina nout\u0103\u021bile \u00een managementul clinic al diabetului zaharat cu ultimele rezultate ale cercet\u0103rii \u0219tiin\u021bifice \u00een domeniu, \u00eentr-o structur\u0103 care va include:<\/strong><\/span><\/p>\n<ul>\n<li><span style=\"color: #000000;\">State of the Art<\/span><\/li>\n<li><span style=\"color: #000000;\">Prezent\u0103ri orale<\/span><\/li>\n<li><span style=\"color: #000000;\">Sesiuni \u0219tiin\u021bifice comune al\u0103turi de KOLs din specialit\u0103\u021bi medicale conexe<\/span><\/li>\n<li><span style=\"color: #000000;\">Sesiuni ale tinerilor medici<\/span><\/li>\n<li><span style=\"color: #000000;\">Prezent\u0103ri e-poster<\/span><\/li>\n<li><span style=\"color: #000000;\">Workshopuri<\/span><\/li>\n<li><span style=\"color: #000000;\">Simpozioane satelit<\/span><\/li>\n<\/ul>\n<p><span style=\"color: #151762;\"><strong>IMPORTANT! Modalitatea de realizarea a prezent\u0103rii \u0219i sus\u021binerii pentru lectorii rom\u00e2ni: <\/strong><\/span><\/p>\n<ul>\n<li><span style=\"color: #000000;\">Dac\u0103 \u00een sesiune sunt doar lectori \u0219i moderatori rom\u00e2ni, prezentarea \u0219i sus\u021binerea vor fi realizate \u00een limba rom\u00e2n\u0103<\/span><\/li>\n<li><span style=\"color: #000000;\">Dac\u0103 \u00een sesiune sunt \u00eemplica\u021bi \u0219i lectori\/moderatori de la nivel interna\u021bional prezentarea va fi realizat\u0103 \u00een limba englez\u0103 \u0219i sus\u021binerea \u00een limba rom\u00e2n\u0103<\/span><\/li>\n<\/ul>\n<p>&nbsp;<\/p>\n<p>[\/et_pb_text][\/et_pb_column][\/et_pb_row][\/et_pb_section]<\/p>\n","protected":false},"excerpt":{"rendered":"<p>Al 52-lea Congres Na\u021bional al Societ\u0103\u021bii Rom\u00e2ne de Diabet, Nutri\u021bie \u0219i Boli Metabolice \u00bb Data: 20-23 mai 2026 \u00bb Loc de desf\u0103\u0219urare: Timi\u0219oara Convention Center, Str. M\u0103r\u0103\u0219e\u0219ti nr. 1-3 \u00bb Limbi oficiale congres: Rom\u00e2n\u0103 &amp; Englez\u0103Programul \u0219tiin\u021bific al manifest\u0103rii, desf\u0103\u0219urat pe parcursul a patru zile, va \u00eembina nout\u0103\u021bile \u00een managementul clinic al diabetului zaharat cu [&hellip;]<\/p>\n","protected":false},"author":1,"featured_media":0,"parent":0,"menu_order":-190,"comment_status":"closed","ping_status":"closed","template":"","meta":{"_et_pb_use_builder":"on","_et_pb_old_content":"<span style=\"color: #000000;\">[vc_row][vc_column][vc_column_text]<span style=\"color: #032988;\"><strong>Congresul Na\u021bional al Societ\u0103\u021bii Rom\u00e2ne de Diabet, Nutri\u021bie \u0219i Boli Metabolice, EDI\u021aIA 51<\/strong><\/span><\/span>\r\n\r\n<span style=\"color: #000000;\"><span style=\"color: #032988;\"><strong>Data: <\/strong><\/span>21-24 mai 2025<\/span>\r\n\r\n<span style=\"color: #000000;\"><span style=\"color: #032988;\"><strong>Loc de desf\u0103\u0219urare: <\/strong><\/span>Timi\u0219oara Convention Center, Str. M\u0103r\u0103\u0219e\u0219ti nr. 1-3<\/span>\r\n\r\n<span style=\"color: #000000;\"><span style=\"color: #032988;\"><strong>Limbi oficiale congres: <\/strong><\/span>Rom\u00e2n\u0103 &amp; Englez\u0103<\/span>\r\n\r\n<span style=\"color: #000000;\"><strong>Programul \u0219tiin\u021bific al manifest\u0103rii, desf\u0103\u0219urat pe parcursul a patru zile, va \u00eembina nout\u0103\u021bile \u00een managementul clinic al diabetului zaharat cu ultimele rezultate ale cercet\u0103rii \u0219tiin\u021bifice \u00een domeniu, \u00eentr-o structur\u0103 care va include:<\/strong><\/span>\r\n<ul>\r\n \t<li><span style=\"color: #000000;\">State of the Art<\/span><\/li>\r\n \t<li><span style=\"color: #000000;\">Prezent\u0103ri orale<\/span><\/li>\r\n \t<li><span style=\"color: #000000;\">Sesiuni ale tinerilor speciali\u0219ti\/reziden\u021bi<\/span><\/li>\r\n \t<li><span style=\"color: #000000;\">Workshopuri<\/span><\/li>\r\n \t<li><span style=\"color: #000000;\">Simpozioane satelit<\/span><\/li>\r\n \t<li><span style=\"color: #000000;\">Prezent\u0103ri tip poster<\/span><\/li>\r\n<\/ul>\r\n<span style=\"color: #000000;\"><strong><span style=\"color: #ff0000;\">IMPORTANT!<\/span> <span style=\"color: #032988;\">Modalitatea de realizarea a prezent\u0103rii \u0219i sus\u021binerii pentru lectorii rom\u00e2ni: <\/span><\/strong><\/span>\r\n<ol>\r\n \t<li><span style=\"color: #000000;\">Dac\u0103 \u00een sesiune sunt doar lectori \u0219i moderatori rom\u00e2ni, prezentarea \u0219i sus\u021binerea vor fi realizate \u00een limba rom\u00e2n\u0103<\/span><\/li>\r\n \t<li><span style=\"color: #000000;\">Dac\u0103 \u00een sesiune sunt \u00eemplica\u021bi \u0219i lectori\/moderatori de la nivel interna\u021bional prezentarea va fi realizat\u0103 \u00een limba englez\u0103 \u0219i sus\u021binerea \u00een limba rom\u00e2n\u0103<\/span><\/li>\r\n<\/ol>\r\n&nbsp;","_et_gb_content_width":"","footnotes":""},"class_list":["post-3603","page","type-page","status-publish","hentry"],"jetpack_sharing_enabled":true,"_links":{"self":[{"href":"https:\/\/societate-diabet.ro\/congres2026\/wp-json\/wp\/v2\/pages\/3603","targetHints":{"allow":["GET"]}}],"collection":[{"href":"https:\/\/societate-diabet.ro\/congres2026\/wp-json\/wp\/v2\/pages"}],"about":[{"href":"https:\/\/societate-diabet.ro\/congres2026\/wp-json\/wp\/v2\/types\/page"}],"author":[{"embeddable":true,"href":"https:\/\/societate-diabet.ro\/congres2026\/wp-json\/wp\/v2\/users\/1"}],"replies":[{"embeddable":true,"href":"https:\/\/societate-diabet.ro\/congres2026\/wp-json\/wp\/v2\/comments?post=3603"}],"version-history":[{"count":5,"href":"https:\/\/societate-diabet.ro\/congres2026\/wp-json\/wp\/v2\/pages\/3603\/revisions"}],"predecessor-version":[{"id":9376,"href":"https:\/\/societate-diabet.ro\/congres2026\/wp-json\/wp\/v2\/pages\/3603\/revisions\/9376"}],"wp:attachment":[{"href":"https:\/\/societate-diabet.ro\/congres2026\/wp-json\/wp\/v2\/media?parent=3603"}],"curies":[{"name":"wp","href":"https:\/\/api.w.org\/{rel}","templated":true}]}}