{"id":3630,"date":"2018-12-19T20:21:54","date_gmt":"2018-12-19T20:21:54","guid":{"rendered":"http:\/\/congres2019.societate-diabet.ro\/?page_id=3630"},"modified":"2026-04-16T11:53:14","modified_gmt":"2026-04-16T08:53:14","slug":"inregistrare-congres2026","status":"publish","type":"page","link":"https:\/\/societate-diabet.ro\/congres2026\/inregistrare-congres2026\/","title":{"rendered":"\u00cenregistrare congres"},"content":{"rendered":"<p>[et_pb_section fb_built=&#8221;1&#8243; admin_label=&#8221;section&#8221; _builder_version=&#8221;4.16&#8243; custom_margin=&#8221;||611px|||&#8221; global_colors_info=&#8221;{}&#8221;][et_pb_row admin_label=&#8221;row&#8221; _builder_version=&#8221;4.16&#8243; background_size=&#8221;initial&#8221; background_position=&#8221;top_left&#8221; background_repeat=&#8221;repeat&#8221; global_colors_info=&#8221;{}&#8221;][et_pb_column type=&#8221;4_4&#8243; _builder_version=&#8221;4.16&#8243; custom_padding=&#8221;|||&#8221; global_colors_info=&#8221;{}&#8221; custom_padding__hover=&#8221;|||&#8221;][et_pb_text admin_label=&#8221;Text&#8221; _builder_version=&#8221;4.27.5&#8243; background_size=&#8221;initial&#8221; background_position=&#8221;top_left&#8221; background_repeat=&#8221;repeat&#8221; custom_margin=&#8221;||-1px|||&#8221; global_colors_info=&#8221;{}&#8221;]<\/p>\n<h2><span style=\"color: #2e3ca9;\"><strong>TAXE DE PARTICIPARE<\/strong><\/span><\/h2>\n<h4><span style=\"color: #151762;\"><strong>Termen-limit\u0103 \u00eenscrieri: <span style=\"color: #ff0000;\">14 MAI 2026<\/span><\/strong><\/span><\/h4>\n<p>[\/et_pb_text][et_pb_divider color=&#8221;#80A1FF&#8221; divider_weight=&#8221;6px&#8221; _builder_version=&#8221;4.27.5&#8243; _module_preset=&#8221;default&#8221; custom_margin=&#8221;||-2px|||&#8221; global_colors_info=&#8221;{}&#8221;][\/et_pb_divider][et_pb_text admin_label=&#8221;Text&#8221; _builder_version=&#8221;4.27.5&#8243; background_size=&#8221;initial&#8221; background_position=&#8221;top_left&#8221; background_repeat=&#8221;repeat&#8221; min_height=&#8221;1016.8px&#8221; custom_margin=&#8221;||4px|||&#8221; global_colors_info=&#8221;{}&#8221;]<\/p>\n<h4><\/h4>\n<h4><span style=\"color: #151762;\"><strong>Taxa de participare include:<\/strong><\/span><\/h4>\n<p><span style=\"color: #000000;\"><span style=\"color: #da77fb;\"><strong>\u00bb<\/strong><\/span> participarea la toate lucr\u0103rile Congresului<\/span><\/p>\n<p><span style=\"color: #000000;\"><span style=\"color: #da77fb;\"><strong>\u00bb<\/strong><\/span> kit-ul de participant<\/span><\/p>\n<p><span style=\"color: #000000;\"><span style=\"color: #da77fb;\"><strong>\u00bb<\/strong><\/span> accesul la Ceremonia oficial\u0103 a Congresului<\/span><\/p>\n<p><span style=\"color: #000000;\"><span style=\"color: #da77fb;\"><strong>\u00bb<\/strong><\/span> accesul la pauzele de cafea<\/span><\/p>\n<p><span style=\"color: #000000;\"><span style=\"color: #da77fb;\"><strong>\u00bb<\/strong><\/span> accesul la mesele oficiale ale manifest\u0103rii (pr\u00e2nz \u0219i cin\u0103)<\/span><\/p>\n<p><span style=\"color: #000000;\"><span style=\"color: #da77fb;\"><strong>\u00bb<\/strong><\/span> certificatul de participare<\/span><\/p>\n<table style=\"height: 594px; background-color: #151762; width: 100%; border-style: solid;\" width=\"100%\">\n<tbody>\n<tr>\n<td width=\"321\"><span style=\"color: #ffffff;\"><strong>CATEGORIE<\/strong><\/span><\/td>\n<td width=\"151\"><span style=\"color: #ccffff;\"><strong>P\u00c2N\u0102 LA 23 APRILIE 2026<\/strong><\/span><\/td>\n<td width=\"129\"><span style=\"color: #ffffff;\"><strong>DIN 24 APRILIE 2026<\/strong><\/span><\/td>\n<\/tr>\n<tr>\n<td width=\"321\"><span style=\"color: #ffffff;\">Medici speciali\u0219ti\/primari membri SRDNBM*<\/span><\/td>\n<td width=\"151\"><span style=\"color: #ccffff;\"><strong>300 Lei<\/strong><\/span><\/td>\n<td width=\"129\"><span style=\"color: #ffffff;\"><strong>400 Lei<\/strong><\/span><\/td>\n<\/tr>\n<tr>\n<td width=\"321\"><span style=\"color: #ffffff;\">Medici speciali\u0219ti\/primari nemembri SRDNBM<\/span><\/td>\n<td width=\"151\"><span style=\"color: #ccffff;\"><strong>450 Lei<\/strong><\/span><\/td>\n<td width=\"129\"><span style=\"color: #ffffff;\"><strong>500 Lei<\/strong><\/span><\/td>\n<\/tr>\n<tr>\n<td width=\"321\"><span style=\"color: #ffffff;\">Medici reziden\u021bi diabet<\/span><\/td>\n<td width=\"151\"><span style=\"color: #ccffff;\"><strong>Gratuit<\/strong><\/span><\/td>\n<td width=\"129\"><span style=\"color: #ffffff;\"><strong>Gratuit<\/strong><\/span><\/td>\n<\/tr>\n<tr>\n<td width=\"321\"><span style=\"color: #ffffff;\">Medici reziden\u021bi \u00een alt\u0103 specialitate\/medici pensionari \u00een alt\u0103 specialitate<\/span><\/td>\n<td width=\"151\"><span style=\"color: #ccffff;\"><strong>150 Lei<\/strong><\/span><\/td>\n<td width=\"129\"><span style=\"color: #ffffff;\"><strong>200 Lei<\/strong><\/span><\/td>\n<\/tr>\n<tr>\n<td width=\"321\"><span style=\"color: #ffffff;\">Medici diabetologi pensionari<\/span><\/td>\n<td width=\"151\"><span style=\"color: #ccffff;\"><strong>Gratuit<\/strong><\/span><\/td>\n<td width=\"129\"><span style=\"color: #ffffff;\"><strong>Gratuit<\/strong><\/span><\/td>\n<\/tr>\n<tr>\n<td width=\"321\"><span style=\"color: #ffffff;\">Asisten\u021bi medicali\/Educatori \u00een diabet<\/span><\/td>\n<td width=\"151\"><span style=\"color: #ccffff;\"><strong>100 Lei<\/strong><\/span><\/td>\n<td width=\"129\"><span style=\"color: #ffffff;\"><strong>150 Lei<\/strong><\/span><\/td>\n<\/tr>\n<tr>\n<td width=\"321\"><span style=\"color: #ffffff;\">\u00censo\u021bitori**<\/span><\/td>\n<td width=\"151\"><span style=\"color: #ccffff;\"><strong>500 Lei<\/strong><\/span><\/td>\n<td width=\"129\"><span style=\"color: #ffffff;\"><strong>500 Lei<\/strong><\/span><\/td>\n<\/tr>\n<\/tbody>\n<\/table>\n<p><span style=\"color: #ff0000;\"><em>*Doar persoanele care au achitat cotiza\u0163ia de membru pe anul 2026 la momentul \u00eenscrierii.<\/em><\/span><\/p>\n<p><em><span style=\"color: #000000;\">**Taxa pentru \u00eenso\u021bitori reprezint\u0103 accesul \u00eenso\u021bitorilor la mesele de pr\u00e2nz \u0219i cinele aferente Congresului.<\/span><\/em><\/p>\n<p><em><span style=\"color: #000000;\">***Prim-autorii lucr\u0103rilor ale c\u0103ror rezumate sunt acceptate pentru prezentare \u00een cadrul congresului beneficiaz\u0103 de gratuitate, at\u00e2t pentru taxa de \u00eenscriere, c\u00e2t \u0219i pentru cazare (loc \u00een camer\u0103 dubl\u0103).<\/span><\/em><\/p>\n<p>&nbsp;<\/p>\n<p>[\/et_pb_text][et_pb_button button_url=&#8221;@ET-DC@eyJkeW5hbWljIjp0cnVlLCJjb250ZW50IjoicG9zdF9saW5rX3VybF9ldG4iLCJzZXR0aW5ncyI6eyJwb3N0X2lkIjoiOTI2MSJ9fQ==@&#8221; button_text=&#8221;\u00ceNREGISTRARE CONGRES&#8221; button_alignment=&#8221;center&#8221; _builder_version=&#8221;4.27.5&#8243; _dynamic_attributes=&#8221;button_url&#8221; _module_preset=&#8221;default&#8221; custom_button=&#8221;on&#8221; button_text_size=&#8221;26px&#8221; button_bg_use_color_gradient=&#8221;on&#8221; button_bg_color_gradient_stops=&#8221;#151762 0%|#4c328d 68%|rgba(104, 64, 162, 1) 82%|rgba(120, 72, 174, 1) 90%|rgba(139, 81, 190, 1) 100%&#8221; button_border_width=&#8221;3px&#8221; button_border_color=&#8221;#FFFFFF&#8221; button_border_radius=&#8221;15px&#8221; button_font=&#8221;|800|||||||&#8221; button_icon=&#8221;&#x41;||divi||400&#8243; background_layout=&#8221;dark&#8221; button_text_shadow_style=&#8221;preset1&#8243; global_colors_info=&#8221;{}&#8221;][\/et_pb_button][et_pb_toggle title=&#8221;DECLARA\u021aII DE CONSIM\u021a\u0102M\u00c2NT PRELUCRARE DATE CARACTER PERSONAL&#8221; open_toggle_text_color=&#8221;#FFFFFF&#8221; closed_toggle_text_color=&#8221;#FFFFFF&#8221; _builder_version=&#8221;4.27.5&#8243; _module_preset=&#8221;default&#8221; title_font=&#8221;|800|||||||&#8221; title_font_size=&#8221;22px&#8221; background_color=&#8221;#151762&#8243; global_colors_info=&#8221;{}&#8221;]<\/p>\n<p><span style=\"color: #ffffff;\">Av\u00e2nd \u00een vedere reglement\u0103rile cu privire la prelucrarea datelor cu caracter personal aflate \u00een vigoare (directiva referitoare la GDPR), pentru procedura de \u00eenregistrare \u00een cadrul Congresului SRDNBM, va fi nevoie de completarea \u0219i semnarea unor declara\u021bii de consim\u021b\u0103m\u00e2nt pentru prelucrarea datelor dvs. personale, de c\u0103tre Societatea Rom\u00e2n\u0103 de Diabet, Nutri\u021bie \u0219i Boli Metabolice \u2013 organizatorul \u0219tiin\u021bific \u0219i de c\u0103tre SC S\u0103n\u0103tatea Press Group SRL \u2013 organizatorul logistic.<\/span><\/p>\n<p><span style=\"color: #ffffff;\">\u00cen acest sens, avem rug\u0103mintea s\u0103 citi\u021bi cele dou\u0103 declara\u021bii disponibile aici \u0219i s\u0103 v\u0103 prezenta\u021bi la punctele de \u00eenregistrare cu cele dou\u0103 declara\u021bii tip\u0103rite \u0219i completate, pentru optimizarea procesului de \u00eenregistrare.<\/span><\/p>\n<h3><span style=\"color: #ffffff;\"><strong>(CLICK pentru download, fi\u0219iere pdf):<\/strong><\/span><\/h3>\n<ul>\n<li><span style=\"color: #ffffff;\"><a href=\"https:\/\/congres2025.societate-diabet.ro\/wp-content\/uploads\/2025\/02\/Declaratie-consimtamant-SRD-Congresul-National-SRDNBM-2025.pdf\" style=\"color: #ffffff;\"><strong>Declara\u021bie de consim\u021b\u0103m\u00e2nt Societatea Rom\u00e2n\u0103 de Diabet, Nutritie si Boli Metabolice &#8211; Congresul Na\u021bional SRDNBM<\/strong><\/a><\/span><\/li>\n<li><span style=\"color: #ffffff;\"><a href=\"https:\/\/congres2025.societate-diabet.ro\/wp-content\/uploads\/2025\/02\/Declaratie-consimtamant-SPG-Congresul-National-SRDNBM-2025.pdf\" style=\"color: #ffffff;\"><strong>Declara\u021bie de consim\u021b\u0103m\u00e2nt S\u0103n\u0103tatea Press Grup &#8211; Congresul Na\u021bional SRDNBM<\/strong><\/a><\/span><\/li>\n<\/ul>\n<p><span style=\"color: #ffffff;\">\u00a0<\/span><\/p>\n<p><span style=\"color: #ffffff;\">\u00a0<\/span><\/p>\n<p>[\/et_pb_toggle][\/et_pb_column][\/et_pb_row][\/et_pb_section]<\/p>\n","protected":false},"excerpt":{"rendered":"<p>TAXE DE PARTICIPARE Termen-limit\u0103 \u00eenscrieri: 14 MAI 2026 Taxa de participare include: \u00bb participarea la toate lucr\u0103rile Congresului \u00bb kit-ul de participant \u00bb accesul la Ceremonia oficial\u0103 a Congresului \u00bb accesul la pauzele de cafea \u00bb accesul la mesele oficiale ale manifest\u0103rii (pr\u00e2nz \u0219i cin\u0103) \u00bb certificatul de participare CATEGORIE P\u00c2N\u0102 LA 23 APRILIE 2026 [&hellip;]<\/p>\n","protected":false},"author":1,"featured_media":0,"parent":0,"menu_order":-130,"comment_status":"closed","ping_status":"closed","template":"","meta":{"_et_pb_use_builder":"on","_et_pb_old_content":"<p>[vc_row][vc_column][vc_column_text]<\/p>\r\n<h3><strong><span style=\"color: #032988;\">\u00ceNSCRIERILE S-AU \u00ceNCHEIAT! V\u0102 A\u0218TEPT\u0102M CU DRAG LA CONGRES!<\/span><\/strong><\/h3>\r\n<h3><span style=\"color: #000000;\"><strong>DECLARA\u021aII DE CONSIM\u021a\u0102M\u00c2NT PRELUCRARE DATE CARACTER PERSONAL<\/strong><\/span><\/h3>\r\n<p><span style=\"color: #000000;\">Av\u00e2nd \u00een vedere reglement\u0103rile cu privire la prelucrarea datelor cu caracter personal aflate \u00een vigoare (directiva referitoare la GDPR), pentru procedura de \u00eenregistrare \u00een cadrul Congresului SRDNBM, va fi nevoie de completarea \u0219i semnarea unor declara\u021bii de consim\u021b\u0103m\u00e2nt pentru prelucrarea datelor dvs. personale, de c\u0103tre Societatea Rom\u00e2n\u0103 de Diabet, Nutri\u021bie \u0219i Boli Metabolice \u2013 organizatorul \u0219tiin\u021bific \u0219i de c\u0103tre SC S\u0103n\u0103tatea Press Group SRL \u2013 organizatorul logistic.<\/span><\/p>\r\n<p><span style=\"color: #000000;\">\u00cen acest sens, avem rug\u0103mintea s\u0103 citi\u021bi cele dou\u0103 declara\u021bii disponibile aici \u0219i s\u0103 v\u0103 prezenta\u021bi la punctele de \u00eenregistrare cu cele dou\u0103 declara\u021bii tip\u0103rite \u0219i completate, pentru optimizarea procesului de \u00eenregistrare.<\/span><\/p>\r\n<h3><strong><span style=\"color: #ff0000;\">(CLICK pentru download, fi\u0219iere pdf):<\/span><\/strong><\/h3>\r\n<ul>\r\n<li><a href=\"https:\/\/congres2025.societate-diabet.ro\/wp-content\/uploads\/2025\/02\/Declaratie-consimtamant-SRD-Congresul-National-SRDNBM-2025.pdf\"><span style=\"color: #ff0000;\"><strong>Declara\u021bie de consim\u021b\u0103m\u00e2nt Societatea Rom\u00e2n\u0103 de Diabet, Nutritie si Boli Metabolice - Congresul Na\u021bional SRDNBM<\/strong><\/span><\/a><\/li>\r\n<li><a href=\"https:\/\/congres2025.societate-diabet.ro\/wp-content\/uploads\/2025\/02\/Declaratie-consimtamant-SPG-Congresul-National-SRDNBM-2025.pdf\"><span style=\"color: #ff0000;\"><strong>Declara\u021bie de consim\u021b\u0103m\u00e2nt S\u0103n\u0103tatea Press Grup - Congresul Na\u021bional SRDNBM<\/strong><\/span><\/a><\/li>\r\n<\/ul>\r\n<p>\u00a0<\/p>\r\n<h3><span style=\"color: #000000;\"><strong>TAXE DE PARTICIPARE<\/strong><\/span><\/h3>\r\n<table style=\"height: 594px;\" width=\"100%\">\r\n<tbody>\r\n<tr>\r\n<td width=\"321\"><span style=\"color: #000000;\"><strong>CATEGORIE<\/strong><\/span><\/td>\r\n<td width=\"151\"><span style=\"color: #ff0000;\"><strong>P\u00c2N\u0102 LA 15 APRILIE 2025<\/strong><\/span><\/td>\r\n<td width=\"129\"><span style=\"color: #000000;\"><strong>DIN 16 APRILIE 2026<\/strong><\/span><\/td>\r\n<\/tr>\r\n<tr>\r\n<td width=\"321\"><span style=\"color: #000000;\">Medici speciali\u0219ti\/primari membri SRDNBM*<\/span><\/td>\r\n<td width=\"151\"><span style=\"color: #000000;\"><strong>300 Lei<\/strong><\/span><\/td>\r\n<td width=\"129\"><span style=\"color: #000000;\"><strong>400 Lei<\/strong><\/span><\/td>\r\n<\/tr>\r\n<tr>\r\n<td width=\"321\"><span style=\"color: #000000;\">Medici speciali\u0219ti\/primari nemembri SRDNBM<\/span><\/td>\r\n<td width=\"151\"><span style=\"color: #000000;\"><strong>450 Lei<\/strong><\/span><\/td>\r\n<td width=\"129\"><span style=\"color: #000000;\"><strong>500 Lei<\/strong><\/span><\/td>\r\n<\/tr>\r\n<tr>\r\n<td width=\"321\"><span style=\"color: #000000;\">Medici reziden\u021bi diabet<\/span><\/td>\r\n<td width=\"151\"><span style=\"color: #000000;\"><strong>Gratuit<\/strong><\/span><\/td>\r\n<td width=\"129\"><span style=\"color: #000000;\"><strong>Gratuit<\/strong><\/span><\/td>\r\n<\/tr>\r\n<tr>\r\n<td width=\"321\"><span style=\"color: #000000;\">Medici reziden\u021bi \u00een alt\u0103 specialitate\/medici pensionari \u00een alt\u0103 specialitate<\/span><\/td>\r\n<td width=\"151\"><span style=\"color: #000000;\"><strong>150 Lei<\/strong><\/span><\/td>\r\n<td width=\"129\"><span style=\"color: #000000;\"><strong>200 Lei<\/strong><\/span><\/td>\r\n<\/tr>\r\n<tr>\r\n<td width=\"321\"><span style=\"color: #000000;\">Medici diabetologi pensionari<\/span><\/td>\r\n<td width=\"151\"><span style=\"color: #000000;\"><strong>Gratuit<\/strong><\/span><\/td>\r\n<td width=\"129\"><span style=\"color: #000000;\"><strong>Gratuit<\/strong><\/span><\/td>\r\n<\/tr>\r\n<tr>\r\n<td width=\"321\"><span style=\"color: #000000;\">Asisten\u021bi medicali\/Educatori \u00een diabet<\/span><\/td>\r\n<td width=\"151\"><span style=\"color: #000000;\"><strong>100 Lei<\/strong><\/span><\/td>\r\n<td width=\"129\"><span style=\"color: #000000;\"><strong>150 Lei<\/strong><\/span><\/td>\r\n<\/tr>\r\n<tr>\r\n<td width=\"321\"><span style=\"color: #000000;\">\u00censo\u021bitori**<\/span><\/td>\r\n<td width=\"151\"><span style=\"color: #000000;\"><strong>500 Lei<\/strong><\/span><\/td>\r\n<td width=\"129\"><span style=\"color: #000000;\"><strong>500 Lei<\/strong><\/span><\/td>\r\n<\/tr>\r\n<\/tbody>\r\n<\/table>\r\n<p><span style=\"color: #000000;\">*Doar persoanele care au achitat cotiza\u0163ia de membru la zi<\/span><\/p>\r\n<p><span style=\"color: #000000;\">**Taxa pentru \u00eenso\u021bitori reprezint\u0103 accesul \u00eenso\u021bitorilor la mesele de pr\u00e2nz \u0219i cinele aferente Congresului.<\/span><\/p>\r\n<p><span style=\"color: #000000;\">***Prim-autorii lucr\u0103rilor ale c\u0103ror rezumate sunt acceptate pentru prezentare \u00een cadrul congresului beneficiaz\u0103 de gratuitate, at\u00e2t pentru taxa de \u00eenscriere, c\u00e2t \u0219i pentru cazare (loc \u00een camer\u0103 dubl\u0103).<\/span><\/p>\r\n<p><span style=\"color: #000000;\"><strong>Taxa de participare include:<\/strong><\/span><\/p>\r\n<ul>\r\n<li><span style=\"color: #000000;\">participarea la toate lucr\u0103rile Congresului<\/span><\/li>\r\n<li><span style=\"color: #000000;\">kit-ul de participant<\/span><\/li>\r\n<li><span style=\"color: #000000;\">accesul la Ceremonia oficial\u0103 a Congresului<\/span><\/li>\r\n<li><span style=\"color: #000000;\">accesul la pauzele de cafea<\/span><\/li>\r\n<li><span style=\"color: #000000;\">accesul la mesele oficiale ale manifest\u0103rii (pr\u00e2nz \u0219i cin\u0103)<\/span><\/li>\r\n<li><span style=\"color: #000000;\">certificatul de participare<\/span><\/li>\r\n<\/ul>\r\n<p>[\/vc_column_text][\/vc_column][\/vc_row]<\/p>\r\n","_et_gb_content_width":"","footnotes":""},"class_list":["post-3630","page","type-page","status-publish","hentry"],"jetpack_sharing_enabled":true,"_links":{"self":[{"href":"https:\/\/societate-diabet.ro\/congres2026\/wp-json\/wp\/v2\/pages\/3630","targetHints":{"allow":["GET"]}}],"collection":[{"href":"https:\/\/societate-diabet.ro\/congres2026\/wp-json\/wp\/v2\/pages"}],"about":[{"href":"https:\/\/societate-diabet.ro\/congres2026\/wp-json\/wp\/v2\/types\/page"}],"author":[{"embeddable":true,"href":"https:\/\/societate-diabet.ro\/congres2026\/wp-json\/wp\/v2\/users\/1"}],"replies":[{"embeddable":true,"href":"https:\/\/societate-diabet.ro\/congres2026\/wp-json\/wp\/v2\/comments?post=3630"}],"version-history":[{"count":14,"href":"https:\/\/societate-diabet.ro\/congres2026\/wp-json\/wp\/v2\/pages\/3630\/revisions"}],"predecessor-version":[{"id":10097,"href":"https:\/\/societate-diabet.ro\/congres2026\/wp-json\/wp\/v2\/pages\/3630\/revisions\/10097"}],"wp:attachment":[{"href":"https:\/\/societate-diabet.ro\/congres2026\/wp-json\/wp\/v2\/media?parent=3630"}],"curies":[{"name":"wp","href":"https:\/\/api.w.org\/{rel}","templated":true}]}}